{"id":1993,"date":"2022-06-16T08:46:22","date_gmt":"2022-06-16T08:46:22","guid":{"rendered":"https:\/\/shorex.app\/?page_id=1993"},"modified":"2023-04-15T09:36:31","modified_gmt":"2023-04-15T09:36:31","slug":"privacy-policy","status":"publish","type":"page","link":"https:\/\/shorex.app\/es\/privacy-policy\/","title":{"rendered":"Pol\u00edtica de privacidad"},"content":{"rendered":"<div data-elementor-type=\"wp-page\" data-elementor-id=\"1993\" class=\"elementor elementor-1993\">\n\t\t\t\t\t\t<section class=\"elementor-section elementor-top-section elementor-element elementor-element-22e54213 elementor-section-boxed elementor-section-height-default elementor-section-height-default\" data-id=\"22e54213\" data-element_type=\"section\" data-settings=\"{&quot;background_background&quot;:&quot;classic&quot;}\">\n\t\t\t\t\t\t<div class=\"elementor-container elementor-column-gap-default\">\n\t\t\t\t\t<div class=\"elementor-column elementor-col-100 elementor-top-column elementor-element elementor-element-359f6042\" data-id=\"359f6042\" data-element_type=\"column\">\n\t\t\t<div class=\"elementor-widget-wrap elementor-element-populated\">\n\t\t\t\t\t\t<div class=\"elementor-element elementor-element-3ca505cc elementor-widget elementor-widget-heading\" data-id=\"3ca505cc\" data-element_type=\"widget\" data-widget_type=\"heading.default\">\n\t\t\t\t<div class=\"elementor-widget-container\">\n\t\t\t\t\t<h2 class=\"elementor-heading-title elementor-size-default\">Pol\u00edtica de privacidad<\/h2>\t\t\t\t<\/div>\n\t\t\t\t<\/div>\n\t\t\t\t\t<\/div>\n\t\t<\/div>\n\t\t\t\t\t<\/div>\n\t\t<\/section>\n\t\t\t\t<section class=\"elementor-section elementor-top-section elementor-element elementor-element-2a9dccd elementor-section-boxed elementor-section-height-default elementor-section-height-default\" data-id=\"2a9dccd\" data-element_type=\"section\">\n\t\t\t\t\t\t<div class=\"elementor-container elementor-column-gap-default\">\n\t\t\t\t\t<div class=\"elementor-column elementor-col-100 elementor-top-column elementor-element elementor-element-643d51a\" data-id=\"643d51a\" data-element_type=\"column\">\n\t\t\t<div class=\"elementor-widget-wrap elementor-element-populated\">\n\t\t\t\t\t\t<div class=\"elementor-element elementor-element-0ff89d3 elementor-widget elementor-widget-text-editor\" data-id=\"0ff89d3\" data-element_type=\"widget\" data-widget_type=\"text-editor.default\">\n\t\t\t\t<div class=\"elementor-widget-container\">\n\t\t\t\t\t\t\t\t\t<p><strong>Pol\u00edtica de privacidad<\/strong><\/p>\n<p>Por medio de este sitio web (www.shorex.app) y las aplicaciones (Shorex, almacenista de Shorex, Conductor\nde Shorex) se recogen datos de car\u00e1cter personal necesarios para la gesti\u00f3n y mantenimiento de algunos de\nnuestros servicios.<\/p>\n<p>Le informamos que Shorex Environmet Care &amp; Recycling S.L. (EL TITULAR DEL SITIO WEB y LAS APLICACIONES)\n(Responsable del tratamiento) cumple con la Ley Org\u00e1nica 3\/2018, de 5 de diciembre, de Protecci\u00f3n de Datos\nPersonales y garant\u00eda de los derechos digitales (en adelante, LOPDGDD), el Reglamento UE 2016\/679, de\nProtecci\u00f3n de Datos (en adelante, RGPD) y dem\u00e1s normativas vigentes y de aplicaci\u00f3n en cada momento,\nvelando por garantizar un correcto uso y tratamiento de los datos personales del usuario.<\/p>\n<p>De conformidad con el art\u00edculo 13 del RGPD y art\u00edculo 11 LOPDGDD, esta Pol\u00edtica de Privacidad se aplica a los\ntratamientos de datos de car\u00e1cter personal que EL TITULAR DEL SITIO WEB y LAS APLICACIONES, realiza como\nResponsable del tratamiento, en relaci\u00f3n con los datos que los usuarios y\/o clientes (personas f\u00edsicas)\nfacilitan como consecuencia de la solicitud de informaci\u00f3n y\/o contrataci\u00f3n de los servicios y\/o productos\nque presta y comercializa a trav\u00e9s de su web, o recabados en cualquiera de las secciones del sitio web.<\/p>\n<p><strong>IDENTIDAD DEL RESPONSABLE DEL TRATAMIENTO DE SUS DATOS PERSONALES<\/strong><\/p>\n<ul>\n<li><strong>Responsable del tratamiento:<\/strong> Shorex Environmet Care &amp; Recycling S.L.<\/li>\n<li><strong>Domicilio:<\/strong> Calle jacobinia, 42, 28047, Madrid, Espa\u00f1a<\/li>\n<li><strong>NIF:<\/strong> B67643056<\/li>\n<li><strong>Correo electr\u00f3nico: <\/strong>info@shorex.green<\/li>\n<\/ul>\n<p><strong>FINALIDADES DEL TRATAMIENTO DE SUS DATOS PERSONALES<\/strong><\/p>\n<p>Sus datos personales se utilizar\u00e1n con la finalidad gen\u00e9rica de la gesti\u00f3n y control de la relaci\u00f3n comercial\nestablecida y, espec\u00edficamente para:<\/p>\n<ul>\n<li>Gestionar el acceso completo y la utilizaci\u00f3n correcta de los servicios y\/o productos por parte de los\nusuarios.<\/li>\n<li>Para comunicar con los usuarios en respuesta a incidencias, solicitudes, comentarios y preguntas que\nnos realice a trav\u00e9s de los servicios y\/o productos, as\u00ed como a los formularios de contacto de nuestra\np\u00e1gina web (incluidos, correos electr\u00f3nicos y\/o las llamadas telef\u00f3nicas).<\/li>\n<li>Para proporcionar, actualizar, mantener y proteger los servicios y\/o productos y actividades.<\/li>\n<li>Para ofrecer nuevos servicios y\/o productos, ofertas especiales o actualizaciones.<\/li>\n<li>En su caso, gestionar procesos de selecci\u00f3n de personal en procesos selectivos de trabajadores y\/o\ncolaboradores.<\/li>\n<li>Comunicaciones: Podremos enviarle correos electr\u00f3nicos, mensajes y otros tipos de comunicaci\u00f3n\nen referencia a los servicios y\/o productos, cuestiones t\u00e9cnicas y cambios en los mismos. Estas\ncomunicaciones se consideran parte de los servicios y\/o productos y no puede renunciar a ellas.<\/li>\n<li>En su caso, comunicaciones Comerciales (Marketing): Podremos utilizar sus datos para contactarle,\ntanto por v\u00eda electr\u00f3nica como no electr\u00f3nica, para realizar encuestas, obtener su opini\u00f3n sobre el\nservicio prestado, y, ocasionalmente, para notificarle cambios, desarrollos importantes de los\nservicios y\/o productos, ofertas y\/o promociones de nuestros servicios y\/o productos o de terceras\nempresas relacionadas con nosotros. Estas ofertas comerciales ser\u00e1n, en todo caso, autorizadas de\nforma expresa y separada por el usuario que, puede revocar en cualquier momento su\nconsentimiento a recibir estas notificaciones utilizando el mecanismo implementado al efecto en las\nmismas, o bien, desde las preferencias de la cuenta de cliente.<\/li>\n<\/ul>\n<p>No trataremos sus datos personales para ninguna otra finalidad m\u00e1s all\u00e1 de las descritas anteriormente salvo\nque venga impuesto por ley o exista alg\u00fan requerimiento judicial.<\/p>\n<p><strong>PLAZO DE CONSERVACI\u00d3N<\/strong><\/p>\n<p>Los datos personales proporcionados se conservar\u00e1n y tratar\u00e1n mientras se mantenga la relaci\u00f3n de\nLos datos personales proporcionados se conservar\u00e1n y tratar\u00e1n mientras se mantenga la relaci\u00f3n de\nprestaci\u00f3n de servicios y\/o productos, sin perjuicio de la posibilidad de ejercitar sus derechos en materia de\nprotecci\u00f3n de datos (acceso, rectificaci\u00f3n, supresi\u00f3n, oposici\u00f3n, limitaci\u00f3n, portabilidad y a no ser objeto de\ndecisiones individuales automatizadas).\nprotecci\u00f3n de datos (acceso, rectificaci\u00f3n, supresi\u00f3n, oposici\u00f3n, limitaci\u00f3n, portabilidad y a no ser objeto de\ndecisiones individuales automatizadas).<\/p>\n<p>Los datos personales de las personas interesadas en la recepci\u00f3n de informaci\u00f3n sobre los servicios y\/o\nproductos se mantendr\u00e1n en el sistema de forma indefinida en tanto el interesado no solicite su supresi\u00f3n.<\/p>\n<p><strong>LEGITIMACI\u00d3N DEL TRATAMIENTO<\/strong><\/p>\n<p>EL TITULAR DEL SITIO WEB trata sus datos personales de acuerdo con las dos (2) siguientes bases\nlegales: <strong>Consentimiento del interesado (1)<\/strong> Consentimiento del interesado (1) y<strong> y el inter\u00e9s leg\u00edtimo (2).<\/strong> (2).<\/p>\n<p><strong>1. El consentimiento del interesado <\/strong>prestado para las finalidades anteriormente descritas, que se solicitar\u00e1:<br>Antes de proceder a tratar sus datos,<br>En el proceso de registro como cliente o,<br>Las solicitudes de informaci\u00f3n que nos haga llegar requieren que el interesado nos facilite de forma\nvoluntaria los datos necesarios para poder atenderle o prestarle los servicios y\/o productos. No obstante, el\ninteresado puede libremente negarse a facilitarnos esos datos o, posteriormente, revocar el consentimiento\npreviamente otorgado para tratar sus datos, si bien esa negativa implicar\u00e1 la imposibilidad de que podamos\natender su petici\u00f3n.<\/p>\n<p><strong>2. El Inter\u00e9s leg\u00edtimo<\/strong>&nbsp;de Shorex Environmet Care &amp; Recycling S.L. en mantener y fidelizar a sus clientes y\/o\nusuarios y atender mejor sus expectativas o intereses previamente manifestados, ej.: mejorar productos,\ngestionar solicitudes, consultas o reclamaciones, ofrecer productos similares a los contratados, informar\nsobre promociones etc., sin perjuicio del cumplimiento por parte de Shorex Environmet Care &amp; Recycling S.L.\ndel resto de obligaciones relativas al env\u00edo de comunicaciones comerciales por v\u00eda electr\u00f3nica<\/p>\n<p>Shorex Environmet Care &amp; Recycling S.L. entiende que, al facilitarnos esos datos, el interesado garantiza y se\nhace responsable de la veracidad, actualidad y exactitud de los mismos y que acepta y consiente\nexpresamente en su tratamiento para las finalidades antes descritas.<\/p>\n<p><strong>DESTINATARIOS DE CESIONES O TRANSFERENCIAS.<\/strong><\/p>\n<p>Con car\u00e1cter general Shorex Environmet Care &amp; Recycling S.L. no ceder\u00e1 sus datos personales a terceros salvo\nque estemos obligados legalmente a ello o usted nos lo haya autorizado expresamente al hacer uso de\nnuestros servicios y\/o productos.<\/p>\n<p>Shorex Environmet Care &amp; Recycling S.L. no realizar\u00e1 transferencias internacionales de los datos personales\nrecabados a trav\u00e9s de este sitio web, con excepci\u00f3n de los siguientes supuestos:<\/p>\n<ul>\n<li>\u2022 Que la transferencia internacional de datos sea necesaria para la ejecuci\u00f3n de un contrato o medidas\nprecontractuales en las que el interesado sea parte.<\/li>\n<li>\u2022 Que la transferencia internacional de datos sea necesaria por aplicaci\u00f3n de la legislaci\u00f3n vigente.<\/li>\n<li>Que la transferencia internacional de datos tenga lugar por mediar consentimiento expreso del\ninteresado.<\/li>\n<li>Que la transferencia internacional de datos tenga lugar por encontrarse alojada la p\u00e1gina web en\nservidores ubicados fuera del Espacio Econ\u00f3mico Europeo.<\/li>\n<\/ul>\n<p>En todo caso, en los supuestos en los que pueda tener lugar transferencias internacionales de datos, Shorex\nEnvironmet Care &amp; Recycling S.L. comprobar\u00e1 que el pa\u00eds importador de datos garantice un nivel adecuado\nde protecci\u00f3n en aplicaci\u00f3n de la normativa vigente<\/p>\n<p><strong>DERECHOS DE LAS PERSONAS INTERESADAS.<\/strong><\/p>\n<p>La normativa de protecci\u00f3n de datos permite que puedas ejercer ante el responsable del tratamiento tus\nderechos de acceso, rectificaci\u00f3n, oposici\u00f3n, supresi\u00f3n (\u201cderecho al olvido\u201d), limitaci\u00f3n del tratamiento,\nportabilidad y de no ser objeto de decisiones individualizadas:<\/p>\n<ul>\n<li>Derecho de acceso: Permite al interesado conocer y obtener informaci\u00f3n sobre sus datos de car\u00e1cter\npersonal sometidos a tratamiento.<\/li>\n<li>Derecho de rectificaci\u00f3n: Permite corregir errores, modificar los datos que resulten ser inexactos o\nincompletos y garantizar la certeza de sus datos personales.<\/li>\n<li>Derecho de supresi\u00f3n: Permite solicitar la eliminaci\u00f3n de sus datos personales cuando ya no sean\nnecesarios para la ejecuci\u00f3n o prestaci\u00f3n del servicio.<\/li>\n<li>Derecho de oposici\u00f3n: Permite al interesado que no se lleve a cabo el tratamiento de sus datos de\ncar\u00e1cter personal o su cese, salvo motivos leg\u00edtimos o para el ejercicio o defensa de posibles\nreclamaciones, en cuyo caso los mantendremos bloqueados durante el plazo correspondiente.<\/li>\n<li>Derecho de oposici\u00f3n al env\u00edo de publicidad: Los interesados podr\u00e1n oponerse al env\u00edo de\ncomunicaciones comerciales. En ese caso puede revocar en cualquier momento su consentimiento a\nrecibir estas notificaciones.<\/li>\n<li>Limitaci\u00f3n del tratamiento: En determinadas circunstancias, los interesados podr\u00e1n solicitar la\nlimitaci\u00f3n del tratamiento de sus datos, en cuyo caso \u00fanicamente se conservar\u00e1n para el ejercicio o\ndefensa de reclamaciones.<\/li>\n<li>Portabilidad de los datos: Las personas interesadas pueden solicitar recibir los datos que le incumban y que nos haya facilitado o que \u2013siempre que t\u00e9cnicamente sea posible\u2013 se los enviemos a otro responsable de tratamiento de su elecci\u00f3n, en un formato estructurado de uso com\u00fan y lectura\nmec\u00e1nica.<\/li>\n<li>Derecho a no ser objeto de decisiones individuales automatizadas (incluida la elaboraci\u00f3n de\nperfiles): Las personas interesadas tienen derecho a no ser objeto de una decisi\u00f3n basada en el\ntratamiento automatizado que produzca efectos o afecte significativamente.<\/li>\n<li>Posibilidad de retirar el consentimiento: El interesado tiene derecho a retirar en cualquier momento\nel consentimiento prestado, sin que ello afecte a la licitud del tratamiento basado en el\nconsentimiento prestado en el momento de facilitarnos sus datos.<\/li>\n<\/ul>\n<p>Si desea ejercer alguno de los derechos expuestos, rogamos que se ponga en contacto con nosotros a trav\u00e9s\nde los datos de contacto que aparecen en \u201cIdentificaci\u00f3n del Responsable del tratamiento de los datos\npersonales\u201d, en el que incluya la siguiente informaci\u00f3n: Nombre y apellidos, n\u00famero de DNI, direcci\u00f3n postal\ny electr\u00f3nica de contacto, indicando el tipo de derecho y especificando las condiciones del mismo.<\/p>\n<p>Posibilidad de reclamar ante la Autoridad de Control: Shorex Environmet Care &amp; Recycling S.L. le informa\nigualmente del derecho que le asiste de presentar una reclamaci\u00f3n ante la Agencia Espa\u00f1ola de Protecci\u00f3n\nde Datos (www.agpd.es) si considera que el tratamiento no se ajusta a la normativa vigente.<\/p>\n<p><strong>INFORMACI\u00d3N ADICIONAL<\/strong><\/p>\n<p><strong>Conservaci\u00f3n de determinados datos<\/strong><\/p>\n<p>Shorex Environmet Care &amp; Recycling S.L. informa que, en cumplimiento de las disposiciones de la Ley\n25\/2007, de 18 de octubre, de conservaci\u00f3n de datos relativos a las comunicaciones electr\u00f3nicas y a las redes\np\u00fablicas de comunicaciones, deber\u00e1 proceder a retener y conservar determinados datos de tr\u00e1fico generados\ndurante el desarrollo de las comunicaciones con la finalidad de cederlos a las autoridades<br>legitimadas, cuando\nconcurran las circunstancias legales en ella previstas<\/p>\n<p><strong>Datos registrados<\/strong><\/p>\n<p>Nuestros servidores recopilan informaci\u00f3n de manera autom\u00e1tica cuando el usuario utiliza los servicios de\nlas webs. Estos datos de registro pueden incluir la direcci\u00f3n IP, la identificaci\u00f3n del dispositivo desde el que\nse accede a los productos, el sistema operativo, la configuraci\u00f3n del dispositivo.<\/p>\n<p><strong>Medidas de seguridad<\/strong><\/p>\n<p>Adem\u00e1s, se le informa que EL TITULAR DEL SITIO WEB y LAS APLICACIONES (Responsable del tratamiento)\ntiene implantadas las medidas de seguridad de \u00edndole t\u00e9cnica y organizativas necesarias para garantizar la\nseguridad de sus datos de car\u00e1cter personal y evitar su alteraci\u00f3n, p\u00e9rdida y tratamiento y\/o acceso no\nautorizado, habida cuenta del estado de la tecnolog\u00eda, la naturaleza de los datos almacenados y los riesgos a\nque est\u00e1n expuestos, ya provengan de la acci\u00f3n humana o del medio f\u00edsico o natural. Asimismo, se ha\nestablecido medidas adicionales en orden a reforzar la confidencialidad e integridad de la informaci\u00f3n en su\norganizaci\u00f3n. Manteniendo continuamente la supervisi\u00f3n, control y evaluaci\u00f3n de los procesos para asegurar\nel respeto a la privacidad de los datos.<\/p>\n<p><strong>Geolocalizaci\u00f3n y navegaci\u00f3n<\/strong><\/p>\n<div>\n<div>Finalidad: cuando as\u00ed se haya autorizado el tratamiento de tu dato de geolocalizaci\u00f3n a trav\u00e9s del dispositivo<\/div>\n<div>con el que accedes a la Plataforma, para recomendarte Veh\u00edculos disponibles en los establecimientos de<\/div>\n<div><p>Colaboradores m\u00e1s cercanos a su ubicaci\u00f3n.<\/p>\n<div>\n<div>Legitimaci\u00f3n: consentimiento. Podr\u00e1s otorgarlo a trav\u00e9s de la configuraci\u00f3n de tu dispositivo m\u00f3vil.<\/div>\n<div>\n<div>\n<div>Destinatarios: salvo requerimiento legal, los datos no ser\u00e1n comunicados a terceros.<\/div>\n<div>\n<div>\n<div>Plazo de conservaci\u00f3n: el dato de geolocalizaci\u00f3n no ser\u00e1 almacenado.<\/div>\n<div>\n<div>\n<div>Cuando se utiliza Google Maps para la navegaci\u00f3n, Google recopila datos sobre su ubicaci\u00f3n con el fin de<\/div>\n<div>proporcionar informaci\u00f3n relevante como actualizaciones de tr\u00e1fico y rutas sugeridas. La pol\u00edtica de<\/div>\n<div>privacidad de Google establece que recopila la siguiente informaci\u00f3n de los usuarios en Google Maps:<\/div>\n<div>Datos de ubicaci\u00f3n: Google recopila informaci\u00f3n sobre el dispositivo y la ubicaci\u00f3n del usuario, incluidas<\/div>\n<div>se\u00f1ales GPS, sensores del dispositivo, puntos de acceso Wi-Fi e informaci\u00f3n sobre torres de telefon\u00eda m\u00f3vil<\/div>\n<div><p>cercanas.<\/p>\n<div>\n<div>Datos de uso: Google recopila informaci\u00f3n sobre c\u00f3mo se utiliza Google Maps, incluidas las consultas de<\/div>\n<div><p>b\u00fasqueda, las rutas de navegaci\u00f3n y las funciones y la configuraci\u00f3n que se utilizan.<\/p>\n<div>\n<div>Informaci\u00f3n sobre dispositivos y registros: Google recopila informaci\u00f3n sobre su dispositivo, como el modelo<\/div>\n<div>de hardware, la versi\u00f3n del sistema operativo e informaci\u00f3n sobre la red m\u00f3vil. Tambi\u00e9n puede registrar<\/div>\n<div><p>informaci\u00f3n como sus consultas de b\u00fasqueda, direcci\u00f3n IP y tipo de navegador.<\/p>\n<div>\n<div><span style=\"background-color: var(--ast-global-color-5); color: var(--ast-global-color-3); font-size: 1rem;\">Google utiliza esta informaci\u00f3n para proporcionar servicios personalizados como recomendaciones de<\/span><br><\/div><div><div>\n<div>restaurantes y anuncios personalizados. Google Maps tambi\u00e9n permite a los usuarios desactivar el<\/div>\n<div>seguimiento de la ubicaci\u00f3n y eliminar el historial de ubicaciones de su cuenta de Google.<\/div>\n<\/div>\n<\/div>\n<\/div>\n<\/div>\n<\/div>\n<\/div>\n<\/div>\n<\/div>\n<\/div>\n<\/div>\n<\/div>\n<\/div>\n<\/div>\n<\/div>\n<\/div>\n<\/div>\n<\/div>\n<p><strong>POL\u00cdTICA DE PRIVACIDAD PARA REDES SOCIALES<\/strong><\/p>\n<p>La presente Pol\u00edtica de Privacidad de Redes Sociales del TITULAR DEL SITIO WEB (Responsable del\ntratamiento), sobre los datos personales de los usuarios al registrarse a trav\u00e9s del perfil y\/o navegar por con\nsu usuario de red social. Al registrarse con su ID en las redes sociales, el usuario otorga su consentimiento\nexpreso para el tratamiento de sus datos personales conforme a la actual Pol\u00edtica de Privacidad.<\/p>\n<p>Se informa a los usuarios que proporcionen sus datos personales con la informaci\u00f3n disponible a trav\u00e9s de\nsu cuenta y\/o perfil del usuario en las redes sociales, que \u00e9sta es la responsable de tratamiento de datos\npersonales que se realice, salvo que expresamente se informe de otras condiciones en un tratamiento.<br>concreto.<\/p>\n<p>De conformidad con lo establecido en la legislaci\u00f3n aplicable en materia de protecci\u00f3n de datos, EL TITULAR\nDEL SITIO WEB\/REDES SOCIALES respeta la privacidad de los usuarios y el secreto y seguridad de los datos\npersonales, adoptando para ello las medidas legales, t\u00e9cnicas y organizativas necesarias para evitar la\np\u00e9rdida, mal uso, alteraci\u00f3n, acceso no autorizado y robo de los datos personales facilitados, habida cuenta\nel estado de la tecnolog\u00eda, la naturaleza de los datos y los riesgos a los que est\u00e1n expuestos,<\/p>\n<p>Los datos personales de los usuarios solo se obtendr\u00e1n para ser tratados cuando sean adecuados, pertinentes\ny no excesivos en relaci\u00f3n con el \u00e1mbito y las finalidades para las que se hayan recabado. As\u00ed pues, se limitar\u00e1\nsu tratamiento a aquellas finalidades que en cada caso se hayan indicado a los Usuarios.<\/p>\n<p>Cuando se recaben datos personales, se informar\u00e1 previamente al usuario de forma clara e inequ\u00edvoca de las\ncircunstancias relativas al tratamiento de sus datos, de acuerdo con las exigencias que en materia de\nprotecci\u00f3n de datos vigentes en cada momento. Asimismo, los datos personales proporcionados se\nconservar\u00e1n mientras el interesado no solicite su supresi\u00f3n o rectificaci\u00f3n, no se oponga a que sus datos\nsigan siendo tratados o en aquellos tratamientos que requieren su autorizaci\u00f3n, no retire su consentimiento.<\/p>\n<p><strong>MENORES<\/strong><\/p>\n<p>El acceso y registro en la web o a trav\u00e9s de la redes sociales est\u00e1 prohibido a menores de 14 a\u00f1os. En caso de\nque el menor o incapaz quisiera registrarse, ser\u00e1 necesaria la intervenci\u00f3n del titular de la patria potestad o\ntutela del usuario o su representante legal mediante documento v\u00e1lido que acredito la representaci\u00f3n legal\ndel usuario incapaz para el acceso.<\/p>\n<p>EL TITULAR DE LA WEB\/REDES SOCIALES quedar\u00e1 expresamente exonerada de cualquier responsabilidad que\npudiera derivarse del uso de las redes sociales por menores o incapaces.<\/p>\t\t\t\t\t\t\t\t<\/div>\n\t\t\t\t<\/div>\n\t\t\t\t\t<\/div>\n\t\t<\/div>\n\t\t\t\t\t<\/div>\n\t\t<\/section>\n\t\t\t\t<\/div>","protected":false},"excerpt":{"rendered":"<p>Privacy Policy Privacy Policy Through this website (www.shorex.app), personal data necessary for the management and maintenance of some of our services. We inform you that Shorex Environment Care &amp; Recycling S.L. (THE OWNER OF THE WEB SITE) (Responsible for the treatment) complies with Organic Law 3\/2018, of December 5, Protection of Personal Data and guarantee [&hellip;]<\/p>","protected":false},"author":1,"featured_media":0,"parent":0,"menu_order":0,"comment_status":"closed","ping_status":"closed","template":"","meta":{"site-sidebar-layout":"no-sidebar","site-content-layout":"page-builder","ast-site-content-layout":"default","site-content-style":"default","site-sidebar-style":"default","ast-global-header-display":"","ast-banner-title-visibility":"","ast-main-header-display":"","ast-hfb-above-header-display":"","ast-hfb-below-header-display":"","ast-hfb-mobile-header-display":"","site-post-title":"disabled","ast-breadcrumbs-content":"","ast-featured-img":"disabled","footer-sml-layout":"","theme-transparent-header-meta":"","adv-header-id-meta":"","stick-header-meta":"","header-above-stick-meta":"","header-main-stick-meta":"","header-below-stick-meta":"","astra-migrate-meta-layouts":"default","ast-page-background-enabled":"default","ast-page-background-meta":{"desktop":{"background-color":"var(--ast-global-color-4)","background-image":"","background-repeat":"repeat","background-position":"center center","background-size":"auto","background-attachment":"scroll","background-type":"","background-media":"","overlay-type":"","overlay-color":"","overlay-opacity":"","overlay-gradient":""},"tablet":{"background-color":"","background-image":"","background-repeat":"repeat","background-position":"center center","background-size":"auto","background-attachment":"scroll","background-type":"","background-media":"","overlay-type":"","overlay-color":"","overlay-opacity":"","overlay-gradient":""},"mobile":{"background-color":"","background-image":"","background-repeat":"repeat","background-position":"center center","background-size":"auto","background-attachment":"scroll","background-type":"","background-media":"","overlay-type":"","overlay-color":"","overlay-opacity":"","overlay-gradient":""}},"ast-content-background-meta":{"desktop":{"background-color":"var(--ast-global-color-5)","background-image":"","background-repeat":"repeat","background-position":"center center","background-size":"auto","background-attachment":"scroll","background-type":"","background-media":"","overlay-type":"","overlay-color":"","overlay-opacity":"","overlay-gradient":""},"tablet":{"background-color":"var(--ast-global-color-5)","background-image":"","background-repeat":"repeat","background-position":"center center","background-size":"auto","background-attachment":"scroll","background-type":"","background-media":"","overlay-type":"","overlay-color":"","overlay-opacity":"","overlay-gradient":""},"mobile":{"background-color":"var(--ast-global-color-5)","background-image":"","background-repeat":"repeat","background-position":"center center","background-size":"auto","background-attachment":"scroll","background-type":"","background-media":"","overlay-type":"","overlay-color":"","overlay-opacity":"","overlay-gradient":""}},"footnotes":""},"class_list":["post-1993","page","type-page","status-publish","hentry"],"_links":{"self":[{"href":"https:\/\/shorex.app\/es\/wp-json\/wp\/v2\/pages\/1993","targetHints":{"allow":["GET"]}}],"collection":[{"href":"https:\/\/shorex.app\/es\/wp-json\/wp\/v2\/pages"}],"about":[{"href":"https:\/\/shorex.app\/es\/wp-json\/wp\/v2\/types\/page"}],"author":[{"embeddable":true,"href":"https:\/\/shorex.app\/es\/wp-json\/wp\/v2\/users\/1"}],"replies":[{"embeddable":true,"href":"https:\/\/shorex.app\/es\/wp-json\/wp\/v2\/comments?post=1993"}],"version-history":[{"count":106,"href":"https:\/\/shorex.app\/es\/wp-json\/wp\/v2\/pages\/1993\/revisions"}],"predecessor-version":[{"id":2260,"href":"https:\/\/shorex.app\/es\/wp-json\/wp\/v2\/pages\/1993\/revisions\/2260"}],"wp:attachment":[{"href":"https:\/\/shorex.app\/es\/wp-json\/wp\/v2\/media?parent=1993"}],"curies":[{"name":"wp","href":"https:\/\/api.w.org\/{rel}","templated":true}]}}