{"id":1985,"date":"2022-06-16T08:42:51","date_gmt":"2022-06-16T08:42:51","guid":{"rendered":"https:\/\/shorex.app\/?page_id=1985"},"modified":"2023-03-30T12:05:29","modified_gmt":"2023-03-30T12:05:29","slug":"legal-advice","status":"publish","type":"page","link":"https:\/\/shorex.app\/es\/legal-advice\/","title":{"rendered":"Aviso Legal"},"content":{"rendered":"<div data-elementor-type=\"wp-page\" data-elementor-id=\"1985\" class=\"elementor elementor-1985\">\n\t\t\t\t\t\t<section class=\"elementor-section elementor-top-section elementor-element elementor-element-cbf8990 elementor-section-boxed elementor-section-height-default elementor-section-height-default\" data-id=\"cbf8990\" data-element_type=\"section\" data-settings=\"{&quot;background_background&quot;:&quot;classic&quot;}\">\n\t\t\t\t\t\t<div class=\"elementor-container elementor-column-gap-default\">\n\t\t\t\t\t<div class=\"elementor-column elementor-col-100 elementor-top-column elementor-element elementor-element-5344ee4\" data-id=\"5344ee4\" data-element_type=\"column\">\n\t\t\t<div class=\"elementor-widget-wrap elementor-element-populated\">\n\t\t\t\t\t\t<div class=\"elementor-element elementor-element-e7238ac elementor-widget elementor-widget-heading\" data-id=\"e7238ac\" data-element_type=\"widget\" data-widget_type=\"heading.default\">\n\t\t\t\t<div class=\"elementor-widget-container\">\n\t\t\t\t\t<h2 class=\"elementor-heading-title elementor-size-default\">Aviso Legal<\/h2>\t\t\t\t<\/div>\n\t\t\t\t<\/div>\n\t\t\t\t\t<\/div>\n\t\t<\/div>\n\t\t\t\t\t<\/div>\n\t\t<\/section>\n\t\t\t\t<section class=\"elementor-section elementor-top-section elementor-element elementor-element-a355295 elementor-section-boxed elementor-section-height-default elementor-section-height-default\" data-id=\"a355295\" data-element_type=\"section\">\n\t\t\t\t\t\t<div class=\"elementor-container elementor-column-gap-default\">\n\t\t\t\t\t<div class=\"elementor-column elementor-col-100 elementor-top-column elementor-element elementor-element-65fbd45\" data-id=\"65fbd45\" data-element_type=\"column\">\n\t\t\t<div class=\"elementor-widget-wrap elementor-element-populated\">\n\t\t\t\t\t\t<div class=\"elementor-element elementor-element-6372117 elementor-widget elementor-widget-text-editor\" data-id=\"6372117\" data-element_type=\"widget\" data-widget_type=\"text-editor.default\">\n\t\t\t\t<div class=\"elementor-widget-container\">\n\t\t\t\t\t\t\t\t\t<p><strong>1. OBJETO<\/strong><\/p><p>El presente Aviso Legal regula el uso del sitio web www.shorex.app (en adelante, LA WEB), del que es\ntitular Shorex Environmet Care &amp; Recycling S.L. (en adelante, EL TITULAR DE LA WEB) con el que pretendemos\ndar cumplimiento a las obligaciones que dispone la Ley 34\/2002, de Servicios de la Sociedad de la Informaci\u00f3n\ny del Comercio Electr\u00f3nico (LSSICE o LSSI), as\u00ed como informar a todos los usuarios del sitio web respecto de\ncu\u00e1les son las condiciones de uso del sitio web.<br \/>cuales son las condiciones de uso del sitio web.<\/p><p>Con el fin de dar cumplimiento al art\u00edculo 10 de la Ley 34\/2002 de Servicios de la Sociedad de la Informaci\u00f3n\ny del Comercio Electr\u00f3nico, informamos a los usuarios de nuestros datos:<\/p><ul><li><strong>Nombre o Denominaci\u00f3n Social:<\/strong>\u00a0Shorex Environmet Care &amp; Recycling S.L.<\/li><li><strong>NIF:<\/strong>\u00a0B67643056<\/li><li><strong>Residencia o domicilio social:<\/strong>\u00a0Calle jacobinia, 42, 28047, Madrid, Espa\u00f1a<\/li><li><strong>Correo electr\u00f3nico:<\/strong>\u00a0info@shorex.green<\/li><li><strong>Datos Registrales:<\/strong>\u00a0inscrita en el Registro Mercantil de Madrid, Tomo 42739, Libro 0, Folio 31, Secc\u00edon<br \/>8, Hoja M755787, Inscripci\u00f3n 1, A\u00f1o Pre. 2021<\/li><\/ul><p>La navegaci\u00f3n por el sitio web de EL TITULAR DE LA WEB atribuye la condici\u00f3n de USUARIO e implica la\naceptaci\u00f3n plena y sin reservas de todas y cada una de las disposiciones incluidas en este Aviso Legal, que\npueden sufrir modificaciones<br \/>El usuario se obliga a hacer un uso correcto del sitio web de conformidad con las leyes, la buena fe, el orden\np\u00fablico, los usos del tr\u00e1fico y el presente Aviso Legal. El usuario responder\u00e1 frente a EL TITULAR DE LA WEB\no frente a terceros, de cualesquiera da\u00f1os y perjuicios que pudieran causarse como consecuencia del\nincumplimiento de dicha obligaci\u00f3n.<br \/>incumplimiento de dicha obligaci\u00f3n.<br \/>Todas las notificaciones y comunicaciones entre los usuarios y EL TITULAR DE LA WEB se considerar\u00e1n\neficaces, a todos los efectos, cuando se realicen a trav\u00e9s de correo postal o cualquier otro medio de los\ndetallados anteriormente.<\/p><p><strong>2. CONDICIONES Y OBLIGACIONES DE ACCESO Y UTILIZACI\u00d3N<\/strong><\/p><p>El sitio web y sus servicios son de acceso libre y gratuito, no obstante, EL TITULAR DE LA WEB condiciona la\nutilizaci\u00f3n de algunos de los servicios ofrecidos en su web a la previa cumplimentaci\u00f3n del correspondiente\nformulario<br \/>El usuario garantiza la autenticidad y actualidad de todos aquellos datos que comunique a EL TITULAR DE LA\nWEB y ser\u00e1 el \u00fanico responsable de las manifestaciones falsas o inexactas que realice<br \/>El usuario se compromete expresamente a hacer un uso adecuado de los contenidos y servicios de EL TITULAR\nDE LA WEB y a no emplearlos para, entre otros:<\/p><ul><li>Difundir contenidos, delictivos, violentos, pornogr\u00e1ficos, racistas, xen\u00f3fobo, ofensivos, de apolog\u00eda<br \/>del terrorismo o, en general, contrarios a la ley o al orden p\u00fablico.<\/li><li>\u2022 Introducir en la red virus inform\u00e1ticos o realizar actuaciones susceptibles de alterar, estropear,<br \/>interrumpir o generar errores o da\u00f1os en los documentos electr\u00f3nicos, datos o sistemas f\u00edsicos y<br \/>l\u00f3gicos de EL TITULAR DE LA WEB o de terceras personas; as\u00ed como obstaculizar el acceso de otros<br \/>usuarios al sitio web y a sus servicios mediante el consumo masivo de los recursos inform\u00e1ticos a<br \/>trav\u00e9s de los cuales EL TITULAR DE LA WEB presta sus servicios.<\/li><li>\u2022 Intentar acceder a las cuentas de correo electr\u00f3nico de otros usuarios o a \u00e1reas restringidas de los<br \/>sistemas inform\u00e1ticos de EL TITULAR DE LA WEB o de terceros y, en su caso, extraer informaci\u00f3n.<\/li><li>\u2022 Vulnerar los derechos de propiedad intelectual o industrial, as\u00ed como violar la confidencialidad de la<br \/>informaci\u00f3n de EL TITULAR DE LA WEB o de terceros.<\/li><li>\u2022 Suplantar la identidad de otro usuario, de las administraciones p\u00fablicas o de un tercero.<\/li><li>\u2022 Reproducir, copiar, distribuir, poner a disposici\u00f3n o de cualquier otra forma comunicar p\u00fablicamente,<br \/>transformar o modificar los contenidos, a menos que se cuente con la autorizaci\u00f3n del titular de los<br \/>correspondientes derechos o ello resulte legalmente permitido.<\/li><li>\u2022 Recabar datos con finalidad publicitaria y de remitir publicidad de cualquier clase y comunicaciones<br \/>con fines de venta u otras de naturaleza comercial sin que medie su previa solicitud o \n consentimiento.<\/li><\/ul><p>Todos los contenidos del sitio web, como textos, fotograf\u00edas, gr\u00e1ficos, im\u00e1genes, iconos, tecnolog\u00eda, software,\nas\u00ed como su dise\u00f1o gr\u00e1fico y c\u00f3digos fuente, constituyen una obra cuya propiedad pertenece a EL TITULAR\nDE LA WEB, sin que puedan entenderse cedidos al usuario ninguno de los derechos de explotaci\u00f3n sobre los\nmismos m\u00e1s all\u00e1 de lo estrictamente necesario para el correcto uso de la web.<\/p><p>En definitiva, los usuarios que accedan a este sitio web pueden visualizar los contenidos y efectuar, en su\ncaso, copias privadas autorizadas siempre que los elementos reproducidos no sean cedidos posteriormente\na terceros, ni se instalen a servidores conectados a redes, ni sean objeto de ning\u00fan tipo de explotaci\u00f3n.<\/p><p>En cualquier caso, EL TITULAR DE LA WEB no ser\u00e1 responsable de las opiniones vertidas por los usuarios a\ntrav\u00e9s del blog u otras herramientas de participaci\u00f3n que puedan crearse, conforme a lo previsto en la\nnormativa de aplicaci\u00f3n.<\/p><p>Asimismo, todas las marcas, nombres comerciales o signos distintivos de cualquier clase que aparecen en el\nsitio web son propiedad de EL TITULAR DE LA WEB, sin que pueda entenderse que el uso o acceso al mismo\natribuya al usuario derecho alguno sobre los mismos.<br \/>Asimismo, todas las marcas, nombres comerciales o signos distintivos de cualquier clase que aparecen en el\nsitio web son propiedad de EL TITULAR DE LA WEB, sin que pueda entenderse que el uso o acceso al mismo\natribuya al usuario derecho alguno sobre los mismos.<\/p><p>Todos los contenidos que aparezcan en este sitio web son propiedad del TITULAR DE LA WEB o de terceros\nque nos han autorizado previamente su uso. Por tanto, no se entender\u00e1 de ninguna manera que el uso o\nacceso al mismo atribuya al usuario derecho alguno sobre los mismos.<\/p><p>La distribuci\u00f3n, modificaci\u00f3n, cesi\u00f3n o comunicaci\u00f3n p\u00fablica de los contenidos y cualquier otro acto que no\nhaya sido expresamente autorizado por el titular de los derechos de explotaci\u00f3n quedan prohibidos.<\/p><p>El establecimiento de un hiperenlace no implica en ning\u00fan caso la existencia de relaciones entre EL TITULAR\nDE LA WEB y el propietario del sitio web en la que se establezca, ni la aceptaci\u00f3n y aprobaci\u00f3n por parte de\nEL TITULAR DE LA WEB de sus contenidos o servicios. Aquellas personas que se propongan establecer un\nhiperenlace previamente deber\u00e1n solicitar autorizaci\u00f3n por escrito a EL TITULAR DE LA WEB. En todo caso,\nel hiperenlace \u00fanicamente permitir\u00e1 el acceso a la home-page o p\u00e1gina de inicio de nuestro sitio web,\nasimismo deber\u00e1 abstenerse de realizar manifestaciones o indicaciones falsas, inexactas o incorrectas sobre\nEL TITULAR DE LA WEB, o incluir contenidos il\u00edcitos, contrarios a las buenas costumbres y al orden p\u00fablico.<\/p><p>EL TITULAR DE LA WEB no se responsabiliza del uso que cada usuario les d\u00e9 a los materiales puestos a\ndisposici\u00f3n en este sitio web ni de las actuaciones que realice en base a los mismos.<\/p><p>El usuario se obliga, en aquellos casos que se le soliciten datos o informaci\u00f3n, a no falsear su identidad\nhaci\u00e9ndose pasar por cualquier otra persona.<\/p><p><strong>3. PROPIEDAD INDUSTRIAL E INTELECTUAL<\/strong><\/p><p>Usted reconoce y consiente que todo copyright, marca registrada y dem\u00e1s derechos de propiedad industrial\ne intelectual sobre los materiales o contenidos que se aportan como parte de la p\u00e1gina web nos\ncorresponden en todo momento a nosotros o a quienes nos otorgaron licencia para su uso. Usted podr\u00e1\nhacer uso de dicho material \u00fanicamente en la forma en que se lo autoricemos expresamente nosotros o\nquienes nos otorgaron licencia para su uso. Esto no le impedir\u00e1 utilizar esta p\u00e1gina web en la medida\nnecesaria para copiar la informaci\u00f3n sobre su pedido o datos de Contacto.<\/p><p>En virtud de lo dispuesto en los art\u00edculos 8 y 32.1, p\u00e1rrafo segundo, de la Ley de Propiedad Intelectual, quedan\nexpresamente prohibidas la reproducci\u00f3n, la distribuci\u00f3n y la comunicaci\u00f3n p\u00fablica, incluida su modalidad\nde puesta a disposici\u00f3n, de la totalidad o parte de los contenidos de esta p\u00e1gina web, con fines comerciales,\nen cualquier soporte y por cualquier medio t\u00e9cnico, sin la autorizaci\u00f3n del TITULAR DE LA WEB.<\/p><p><strong>4. LINKS, VIRUS Y DEM\u00c1S CUESTIONES INFORM\u00c1TICAS<\/strong><\/p><p>Usted no debe realizar un uso indebido de esta p\u00e1gina web mediante la introducci\u00f3n intencionada en la\nmisma de virus, troyanos, gusanos, bombas l\u00f3gicas o cualquier otro programa o material tecnol\u00f3gicamente\nperjudicial o da\u00f1ino. Usted no tratar\u00e1 de tener acceso no autorizado a esta p\u00e1gina web, al servidor en que\ndicha p\u00e1gina se encuentra alojada o a cualquier servidor, ordenador o base de datos relacionada con nuestra\np\u00e1gina web. Usted se compromete a no atacar esta p\u00e1gina web a trav\u00e9s de un ataque de denegaci\u00f3n de\nservicio o de un ataque de denegaci\u00f3n de servicio distribuido<\/p><p>El incumplimiento de esta cl\u00e1usula podr\u00eda llevar aparejada la comisi\u00f3n de infracciones tipificadas por la\nnormativa aplicable. Informaremos de cualquier incumplimiento de dicha normativa a las autoridades\ncompetentes y cooperaremos con ellas para descubrir la identidad del atacante. Asimismo, en caso de\nincumplimiento de la presente cl\u00e1usula, dejar\u00e1 inmediatamente de estar autorizado a usar esta p\u00e1gina web.<\/p><p>No seremos responsables de cualquier da\u00f1o o p\u00e9rdida resultante de un ataque de denegaci\u00f3n de servicio,\nvirus o cualquier otro programa o material tecnol\u00f3gicamente perjudicial o da\u00f1ino que pueda afectar a su\nordenador, equipo inform\u00e1tico, datos o materiales como consecuencia del uso de esta p\u00e1gina web o de la\ndescarga de contenidos de la misma o a los que la misma redireccione.<\/p><p>En el caso de que nuestra p\u00e1gina web contenga links a otras p\u00e1ginas web y materiales de terceros, dichos\nlinks se facilitan \u00fanicamente a efectos informativos, sin que nosotros tengamos control alguno sobre el\ncontenido de dichas p\u00e1ginas web o materiales. Por lo tanto, no aceptamos responsabilidad alguna por\ncualquier da\u00f1o o p\u00e9rdida derivados de su uso.<\/p><p><strong>5. EXCLUSI\u00d3N DE GARANT\u00cdAS Y DE RESPONSABILIDAD<\/strong><\/p><p>El contenido del presente sitio web es de car\u00e1cter general y tiene una finalidad meramente informativa, sin\nque se garantice plenamente el acceso a todos los contenidos, ni su exhaustividad, correcci\u00f3n, vigencia o\nactualidad, ni su idoneidad o utilidad para un objetivo espec\u00edfico.<\/p><p>EL TITULAR DE LA WEB excluye, hasta donde permite el ordenamiento jur\u00eddico, cualquier responsabilidad por\nlos da\u00f1os y perjuicios de toda naturaleza derivados de:<\/p><p>La imposibilidad de acceso al sitio web o la falta de veracidad, exactitud, exhaustividad y\/o actualidad de los<br \/>contenidos, as\u00ed como la existencia de vicios y defectos de toda clase de los contenidos transmitidos,<br \/>difundidos, almacenados, puestos a disposici\u00f3n a los que se haya accedido a trav\u00e9s del sitio web o de los<br \/>servicios que se ofrecen.<br \/>La presencia de virus o de otros elementos en los contenidos que puedan producir alteraciones en los\nsistemas inform\u00e1ticos, documentos electr\u00f3nicos o datos de los usuarios.<br \/>El incumplimiento de las leyes, la buena fe, el orden p\u00fablico, los usos del tr\u00e1fico y el presente aviso legal\ncomo consecuencia del uso incorrecto del sitio web. En particular, y a modo ejemplificativo, EL TITULAR DE\nLA WEB no se hace responsable de las actuaciones de terceros que vulneren derechos de propiedad\nintelectual e industrial, secretos empresariales, derechos al honor, a la intimidad personal y familiar y a la\npropia imagen, as\u00ed como la normativa en materia de competencia desleal y publicidad il\u00edcita.<\/p><p>Asimismo, EL TITULAR DE LA WEB declina cualquier responsabilidad respecto a la informaci\u00f3n que se halle\nfuera de esta web y no sea gestionada directamente por EL TITULAR DE LA WEB. La funci\u00f3n de los links que\naparecen en esta web es exclusivamente la de informar al usuario sobre la existencia de otras fuentes\nsusceptibles de ampliar los contenidos que ofrece este sitio web. EL TITULAR DE LA WEB no garantiza ni se\nresponsabiliza del funcionamiento o accesibilidad de los sitios enlazados; ni sugiere, invita o recomienda la\nvisita a los mismos, por lo que tampoco ser\u00e1 responsable del resultado obtenido. EL TITULAR DE LA WEB no\nse responsabiliza del establecimiento de hiperv\u00ednculos por parte de terceros.<\/p><p>EL TITULAR DE LA WEB no garantiza la disponibilidad continua y permanente de los servicios, quedando de<br \/>este modo exonerado de cualquier responsabilidad por posibles da\u00f1os y perjuicios causados como<br \/>consecuencia de la falta de disponibilidad del servicio por motivos de fuerza mayor o errores en las redes\ntelem\u00e1ticas de transferencia de datos, ajenos a su voluntad, o por desconexiones realizadas por trabajos de\nmejora o mantenimiento de los equipos y sistemas inform\u00e1ticos. En estos casos, EL TITULAR DE LA WEB har\u00e1\nsus mejores esfuerzos para avisar con una antelaci\u00f3n de 24 horas a la interrupci\u00f3n. EL TITULAR DE LA WEB<br \/>no ser\u00e1 responsable por la interrupci\u00f3n, suspensi\u00f3n o finalizaci\u00f3n de la informaci\u00f3n o servicios. As\u00ed mismo,\nno se responsabiliza de las posibles omisiones, p\u00e9rdidas de informaci\u00f3n, datos, configuraciones, accesos\nindebidos o vulneraci\u00f3n de la confidencialidad que tengan origen en problemas t\u00e9cnicos, de comunicaciones\nu omisiones humanas, causadas por terceros o no imputables al TITULAR DE LA WEB. Tampoco responder\u00e1\nde los da\u00f1os producidos por ataques inform\u00e1ticos o causados por virus que afecten a programas<br \/>inform\u00e1ticos, sistemas de comunicaciones o equipos utilizados por EL TITULAR DE LA WEB pero fabricados o\nfacilitados por un tercero. EL TITULAR DE LA WEB podr\u00e1, a su sola discreci\u00f3n, denegar, retirar, suspender y\/o\nbloquear en cualquier momento y sin necesidad de previo aviso el acceso a la informaci\u00f3n y servicios a\naquellos usuarios que incumplan las presentes normas<\/p><p>Exceptuando los casos que la ley imponga expresamente lo contrario, y exclusivamente con la medida y\nextensi\u00f3n en que lo imponga, la aplicaci\u00f3n no garantiza ni asume responsabilidad alguna respecto a los\nposibles da\u00f1os y perjuicios causados por el uso y utilizaci\u00f3n de la informaci\u00f3n, datos y servicios del TITULAR\nDE LA WEB.<\/p><p>En todo caso, EL TITULAR DE LA WEB excluye cualquier responsabilidad por los da\u00f1os y perjuicios que puedan\ndeberse a la informaci\u00f3n y\/o servicios prestados o suministrados por terceros diferentes de la Empresa. Toda\nla responsabilidad ser\u00e1 del tercero ya sea proveedor, colaborador u otro.<\/p><p><strong>6. OTRAS CONDICIONES<\/strong><\/p><p><strong>Nulidad parcial<\/strong><\/p><p>Si alguna de las presentes Condiciones o alguna disposici\u00f3n de un contrato fuera declaradas nulas y sin efecto<br \/>por resoluci\u00f3n firme dictada por autoridad competente, los restantes t\u00e9rminos y condiciones permanecer\u00e1n\nen vigor, sin que queden afectados por dicha declaraci\u00f3n de nulidad.<\/p><p><strong>Acuerdo<\/strong><\/p><p>Las presentes Condiciones y todo documento a que se haga referencia expresa en las mismas constituyen el\nacuerdo \u00edntegro existente entre usted y nosotros en relaci\u00f3n con el objeto de las mismas y sustituyen a\ncualquier otro pacto, acuerdo o promesa anterior convenida entre usted y nosotros verbalmente o por\nescrito.<\/p><p>Usted y nosotrosreconocemos haber consentido la celebraci\u00f3n de un contrato sin haber confiado en ninguna\ndeclaraci\u00f3n o promesa hecha por la otra parte o que pudiera inferirse de cualquier declaraci\u00f3n o escrito en\nlas negociaciones entabladas por los dos antes del mismo, salvo aquello que figura expresamente\nmencionado en las presentes Condiciones.<\/p><p>Ni usted ni nosotros dispondremos de acci\u00f3n frente a cualquier declaraci\u00f3n incierta realizada por la otra\nparte, verbal o escrita, con anterioridad a la fecha de un contrato (salvo que se hubiera hecho tal declaraci\u00f3n\nincierta de forma fraudulenta) y la \u00fanica acci\u00f3n de que dispondr\u00e1 la otra parte ser\u00e1 por incumplimiento de\ncontrato de conformidad con lo dispuesto en las presentes Condiciones.<br \/>Usted y nosotrosreconocemos haber consentido la celebraci\u00f3n de un contrato sin haber confiado en ninguna\ndeclaraci\u00f3n o promesa hecha por la otra parte o que pudiera inferirse de cualquier declaraci\u00f3n o escrito en\nlas negociaciones entabladas por los dos antes del mismo, salvo aquello que figura expresamente\nmencionado en las presentes Condiciones.<\/p><p>Ni usted ni nosotros dispondremos de acci\u00f3n frente a cualquier declaraci\u00f3n incierta realizada por la otra\nparte, verbal o escrita, con anterioridad a la fecha de un contrato (salvo que se hubiera hecho tal declaraci\u00f3n\nincierta de forma fraudulenta) y la \u00fanica acci\u00f3n de que dispondr\u00e1 la otra parte ser\u00e1 por incumplimiento de\ncontrato de conformidad con lo dispuesto en las presentes Condiciones.\nNos reservamos la facultad de modificar los T\u00e9rminos y Condiciones. Las modificaciones introducidas no\ntendr\u00e1n car\u00e1cter retroactivo. Si Usted no est\u00e1 de acuerdo con las modificaciones introducidas, le\nrecomendamos no hacer uso de nuestra p\u00e1gina web.<\/p><p><strong>Legislaci\u00f3n aplicable y jurisdicci\u00f3n<\/strong><\/p><p>El uso de nuestra p\u00e1gina web y los contratos de compra de productos a trav\u00e9s dicha p\u00e1gina web se regir\u00e1n\npor la legislaci\u00f3n espa\u00f1ola. Cualquier controversia que surja o guarde relaci\u00f3n con el uso de la p\u00e1gina web o\ncon dichos contratos ser\u00e1 sometida a la jurisdicci\u00f3n no exclusiva de los juzgados y tribunales espa\u00f1oles. Si\nusted est\u00e1 contratando como consumidor, nada en la presente cl\u00e1usula afectar\u00e1 a los derechos que como tal\nle reconoce la legislaci\u00f3n vigente.<\/p><p><strong>Sugerencias y reclamaciones<\/strong><\/p><p>Sus quejas y reclamaciones ante nuestro servicio de atenci\u00f3n al cliente ser\u00e1n atendidas en el plazo m\u00e1s breve\nposible y, en todo caso, en el plazo legamente establecido.<\/p><p>Si usted como consumidor considera que sus derechos han sido vulnerados, puede dirigirnos sus quejas a\ntrav\u00e9s de la direcci\u00f3n de correo electr\u00f3nico info@shorex.green con el fin de solicitar una soluci\u00f3n<br \/>extrajudicial de controversias.<\/p><p>En el caso de que cualquier usuario o un tercero considere que existen hechos o circunstancias que revelen<br \/>el car\u00e1cter il\u00edcito de la utilizaci\u00f3n de cualquier contenido y\/o de la realizaci\u00f3n de cualquier actividad en las\np\u00e1ginas web incluidas o accesibles a trav\u00e9s del sitio web, deber\u00e1 enviar una notificaci\u00f3n a EL TITULAR DE LA\nWEB identific\u00e1ndose debidamente, especificando las supuestas infracciones y declarando expresamente y\nbajo su responsabilidad que la informaci\u00f3n proporcionada en la notificaci\u00f3n es exacta.<\/p><p>Para toda cuesti\u00f3n litigiosa que incumba al sitio web de EL TITULAR DE LA WEB, ser\u00e1 de aplicaci\u00f3n la\nlegislaci\u00f3n espa\u00f1ola, siendo competentes los Juzgados y Tribunales de Espa\u00f1a.<\/p>\t\t\t\t\t\t\t\t<\/div>\n\t\t\t\t<\/div>\n\t\t\t\t\t<\/div>\n\t\t<\/div>\n\t\t\t\t\t<\/div>\n\t\t<\/section>\n\t\t\t\t<\/div>","protected":false},"excerpt":{"rendered":"<p>Legal Advice 1. OBJECT This Legal Notice regulates the use of the website www.shorex.app (hereinafter, THE WEB), of which it is owner Shorex Environment Care &amp; Recycling S.L. (hereinafter, THE OWNER OF THE WEB) with which we intend to comply with the obligations set forth in Law 34\/2002, on Services of the Information Society and [&hellip;]<\/p>","protected":false},"author":1,"featured_media":0,"parent":0,"menu_order":0,"comment_status":"closed","ping_status":"closed","template":"","meta":{"site-sidebar-layout":"no-sidebar","site-content-layout":"page-builder","ast-site-content-layout":"default","site-content-style":"default","site-sidebar-style":"default","ast-global-header-display":"","ast-banner-title-visibility":"","ast-main-header-display":"","ast-hfb-above-header-display":"","ast-hfb-below-header-display":"","ast-hfb-mobile-header-display":"","site-post-title":"disabled","ast-breadcrumbs-content":"","ast-featured-img":"disabled","footer-sml-layout":"","theme-transparent-header-meta":"","adv-header-id-meta":"","stick-header-meta":"","header-above-stick-meta":"","header-main-stick-meta":"","header-below-stick-meta":"","astra-migrate-meta-layouts":"default","ast-page-background-enabled":"default","ast-page-background-meta":{"desktop":{"background-color":"var(--ast-global-color-4)","background-image":"","background-repeat":"repeat","background-position":"center center","background-size":"auto","background-attachment":"scroll","background-type":"","background-media":"","overlay-type":"","overlay-color":"","overlay-opacity":"","overlay-gradient":""},"tablet":{"background-color":"","background-image":"","background-repeat":"repeat","background-position":"center center","background-size":"auto","background-attachment":"scroll","background-type":"","background-media":"","overlay-type":"","overlay-color":"","overlay-opacity":"","overlay-gradient":""},"mobile":{"background-color":"","background-image":"","background-repeat":"repeat","background-position":"center center","background-size":"auto","background-attachment":"scroll","background-type":"","background-media":"","overlay-type":"","overlay-color":"","overlay-opacity":"","overlay-gradient":""}},"ast-content-background-meta":{"desktop":{"background-color":"var(--ast-global-color-5)","background-image":"","background-repeat":"repeat","background-position":"center center","background-size":"auto","background-attachment":"scroll","background-type":"","background-media":"","overlay-type":"","overlay-color":"","overlay-opacity":"","overlay-gradient":""},"tablet":{"background-color":"var(--ast-global-color-5)","background-image":"","background-repeat":"repeat","background-position":"center center","background-size":"auto","background-attachment":"scroll","background-type":"","background-media":"","overlay-type":"","overlay-color":"","overlay-opacity":"","overlay-gradient":""},"mobile":{"background-color":"var(--ast-global-color-5)","background-image":"","background-repeat":"repeat","background-position":"center center","background-size":"auto","background-attachment":"scroll","background-type":"","background-media":"","overlay-type":"","overlay-color":"","overlay-opacity":"","overlay-gradient":""}},"footnotes":""},"class_list":["post-1985","page","type-page","status-publish","hentry"],"_links":{"self":[{"href":"https:\/\/shorex.app\/es\/wp-json\/wp\/v2\/pages\/1985","targetHints":{"allow":["GET"]}}],"collection":[{"href":"https:\/\/shorex.app\/es\/wp-json\/wp\/v2\/pages"}],"about":[{"href":"https:\/\/shorex.app\/es\/wp-json\/wp\/v2\/types\/page"}],"author":[{"embeddable":true,"href":"https:\/\/shorex.app\/es\/wp-json\/wp\/v2\/users\/1"}],"replies":[{"embeddable":true,"href":"https:\/\/shorex.app\/es\/wp-json\/wp\/v2\/comments?post=1985"}],"version-history":[{"count":11,"href":"https:\/\/shorex.app\/es\/wp-json\/wp\/v2\/pages\/1985\/revisions"}],"predecessor-version":[{"id":2252,"href":"https:\/\/shorex.app\/es\/wp-json\/wp\/v2\/pages\/1985\/revisions\/2252"}],"wp:attachment":[{"href":"https:\/\/shorex.app\/es\/wp-json\/wp\/v2\/media?parent=1985"}],"curies":[{"name":"wp","href":"https:\/\/api.w.org\/{rel}","templated":true}]}}